{"id":5356,"date":"2021-12-20T15:38:04","date_gmt":"2021-12-20T14:38:04","guid":{"rendered":"https:\/\/sawatec.com\/?page_id=5356"},"modified":"2021-12-20T15:40:06","modified_gmt":"2021-12-20T14:40:06","slug":"montage-elektriker-oder-automatiker-m-w","status":"publish","type":"page","link":"https:\/\/sawatec.com\/en\/karriere\/montage-elektriker-oder-automatiker-m-w\/","title":{"rendered":"Montage-Elektriker oder Automatiker (M\/W)"},"content":{"rendered":"<p>Die SAWATEC AG ist ein expandierendes Ostschweizer Hightech-Unternehmen, welches sich seit 25 Jahren auf die Entwicklung, Produktion und den Verkauf von hochwertige Prozessanlagen f\u00fcr die Halbleiter- und MEMS-Industrie spezialisiert hat.<\/p>\n<p>SAWATEC ist weltweit t\u00e4tig und hat neben dem Hauptsitz in der Schweiz auch einen eigenen Standort in China sowie internationale Vertriebspartner. Das Unternehmen zeichnet sich durch stetige Innovation, hervorragende Produktqualit\u00e4t sowie einem weltweiten Vertriebs- und After-Sales-Service Netzwerk aus.<\/p>\n<p>&nbsp;<\/p>\n<p>F\u00fcr unseren Hauptsitz in Sax (Sennwald) suchen wir zur Verst\u00e4rkung unserer Teams per sofort oder nach Vereinbarung einen qualifizierten und engagierten<\/p>\n<h1><strong>Montage-Elektriker oder Automatiker (M\/W)<\/strong><\/h1>\n<p>&nbsp;<\/p>\n<p><strong>T\u00e4tigkeiten:<\/strong><\/p>\n<ul>\n<li>Selbst\u00e4ndige und termingerechte Verdrahtung von elektromechanischen Baugruppen und Schaltschr\u00e4nken<\/li>\n<li>Erstellen der Elektro-Schemas (ElektroCAD SEE Electrical)<\/li>\n<li>Funktions- und Endpr\u00fcfung vor Auslieferung gem\u00e4ss Pr\u00fcf- und Abnahmeplan<\/li>\n<li>Effiziente Installation der Instrumente &amp; Systeme beim Kunden vor Ort<\/li>\n<li>Mitarbeit bei der Erstellung der Montage- und Pr\u00fcfanweisung f\u00fcr die elektrische Installation und die Schaltschr\u00e4nke<\/li>\n<li>Mitwirkung f\u00fcr stetige Produkt- und Prozessverbesserung, Steigerung der Produktivit\u00e4t<\/li>\n<li>Flexibler Service Einsatz und Ausf\u00fchrung von Reparaturarbeiten haupts\u00e4chlich in Europa<\/li>\n<li>Selbst\u00e4ndige St\u00f6rungssuche und St\u00f6rungsbehebung, Wartung und Reparatur beim Kunden<\/li>\n<li>Unterst\u00fctzung bei der Optimierung von Produktionsprozessen nach Lean Production Grunds\u00e4tzen<\/li>\n<\/ul>\n<p>&nbsp;<\/p>\n<p><strong>Anforderungen:<\/strong><\/p>\n<ul>\n<li>Abgeschlossene technische Berufsbildung (Automatiker EFZ, Automatikmonteur EFZ, Elektroinstallateur EFZ, Montage-Elektriker EFZ, Mechatroniker, Industrieelektriker, Elektromonteur oder vergleichbar)<\/li>\n<li>Mehrj\u00e4hrige Berufserfahrung in Maschinenverdrahtung &amp; Schaltschrankbau<\/li>\n<li>Erfahrung in der Erstellung von Elektro-Schemas<\/li>\n<li>Bereitschaft f\u00fcr internationale Serviceeins\u00e4tze, hohe Flexibilit\u00e4t bez\u00fcglich der Arbeitszeit<\/li>\n<li>Gute Kenntnisse in MS Office und ERP Anwendungen<\/li>\n<li>Pr\u00e4zises, selbst\u00e4ndiges und zuverl\u00e4ssiges Arbeiten<\/li>\n<li>Reisebereitschaft ca. 10% bis 15%<\/li>\n<li>Internationaler F\u00fchrerschein (Serviceeins\u00e4tze)<\/li>\n<li>Idealerweise Kenntnisse der Halbleitertechnik<\/li>\n<li>Hohes Engagement, Teamgeist, Flexibilit\u00e4t und Belastbarkeit<\/li>\n<li>Gute Kommunikationsf\u00e4higkeit in Deutsch, Englisch von Vorteil<\/li>\n<\/ul>\n<p>&nbsp;<\/p>\n<p><strong>Wir bieten:<\/strong><\/p>\n<p>Es erwartet Sie ein im Markt erfolgreich etabliertes Hightech Unternehmen mit kurzen Entscheidungswegen, zeitgem\u00e4ssen Anstellungsbedingungen, eine abwechslungsreiche und selbst\u00e4ndige T\u00e4tigkeit und ein Arbeitsplatz mit spannenden Zukunftsperspektiven. Kooperative Teamarbeit, Kollegialit\u00e4t und Wertsch\u00e4tzung sind Grundwerte unserer offenen Unternehmenskultur.<\/p>\n<p>&nbsp;<\/p>\n<p><strong>Arbeitsort:<\/strong><\/p>\n<p>9468 Sax<\/p>\n<p>&nbsp;<\/p>\n<p>Haben wir Ihr Interesse geweckt? Dann senden Sie ihre vollst\u00e4ndige Bewerbung (Lebenslauf mit aktuellem Foto, Motivationsschreiben, Zeugnisse, Diplome), bevorzugt per E-Mail an die nachstehende Adresse. Herr Bruno Sawatzki freut sich darauf Sie kennen zu lernen und beantwortet Ihnen gerne weitere Fragen.<\/p>\n<p>&nbsp;<\/p>\n<p><strong>Kontaktadresse:<\/strong><\/p>\n<p><strong>\u00a0<\/strong>SAWATEC AG<\/p>\n<p>Eschagger 2<\/p>\n<p>CH-9468 Sax<\/p>\n<p>Tel +41 81 750 44 00<\/p>\n<p>&nbsp;<\/p>\n<p>&nbsp;<\/p>\n<p><em>Wir nehmen keine Dossiers von Personaldienstleistern entgegen und Printmedien sind unerw\u00fcnscht.<\/em><\/p>\n<p>&nbsp;<\/p>\n","protected":false},"excerpt":{"rendered":"<p>Die SAWATEC AG ist ein expandierendes Ostschweizer Hightech-Unternehmen, welches sich seit 25 Jahren auf die Entwicklung, Produktion und den Verkauf von hochwertige Prozessanlagen f\u00fcr die Halbleiter- und MEMS-Industrie spezialisiert hat. SAWATEC ist weltweit t\u00e4tig und hat neben dem Hauptsitz in der Schweiz auch einen eigenen Standort in China sowie internationale Vertriebspartner. Das Unternehmen zeichnet sich [&hellip;]<\/p>\n","protected":false},"author":4,"featured_media":0,"parent":1566,"menu_order":0,"comment_status":"closed","ping_status":"closed","template":"","meta":{"_acf_changed":false,"footnotes":""},"class_list":["post-5356","page","type-page","status-publish","hentry"],"acf":[],"_links":{"self":[{"href":"https:\/\/sawatec.com\/en\/wp-json\/wp\/v2\/pages\/5356","targetHints":{"allow":["GET"]}}],"collection":[{"href":"https:\/\/sawatec.com\/en\/wp-json\/wp\/v2\/pages"}],"about":[{"href":"https:\/\/sawatec.com\/en\/wp-json\/wp\/v2\/types\/page"}],"author":[{"embeddable":true,"href":"https:\/\/sawatec.com\/en\/wp-json\/wp\/v2\/users\/4"}],"replies":[{"embeddable":true,"href":"https:\/\/sawatec.com\/en\/wp-json\/wp\/v2\/comments?post=5356"}],"version-history":[{"count":2,"href":"https:\/\/sawatec.com\/en\/wp-json\/wp\/v2\/pages\/5356\/revisions"}],"predecessor-version":[{"id":5358,"href":"https:\/\/sawatec.com\/en\/wp-json\/wp\/v2\/pages\/5356\/revisions\/5358"}],"up":[{"embeddable":true,"href":"https:\/\/sawatec.com\/en\/wp-json\/wp\/v2\/pages\/1566"}],"wp:attachment":[{"href":"https:\/\/sawatec.com\/en\/wp-json\/wp\/v2\/media?parent=5356"}],"curies":[{"name":"wp","href":"https:\/\/api.w.org\/{rel}","templated":true}]}}